{"id":9376,"date":"2024-11-05T14:30:51","date_gmt":"2024-11-05T22:30:51","guid":{"rendered":"https:\/\/www.brita.ca\/?page_id=9376"},"modified":"2026-03-05T06:59:41","modified_gmt":"2026-03-05T14:59:41","slug":"reglement-du-concours-et-gagnants","status":"publish","type":"page","link":"https:\/\/www.brita.ca\/fr\/reglement-du-concours-et-gagnants\/","title":{"rendered":"R\u00e8glement du concours et gagnants"},"content":{"rendered":"\n<div class=\"wp-block-group\"><div class=\"wp-block-group__inner-container is-layout-constrained wp-block-group-is-layout-constrained\">\n<h2 class=\"wp-block-heading\"><strong><strong>Concours \u00ab&nbsp;<strong>L\u2019<strong>\u00e8<\/strong>re de l\u2019hydration<\/strong> \u00bb<\/strong><\/strong> <strong>R\u00e8glement officiel<\/strong><\/h2>\n\n\n\n<p id=\"tw-target-text\">Participez pour avoir une chance de gagner !<\/p>\n\n\n\n<div class=\"wp-block-group\"><div class=\"wp-block-group__inner-container is-layout-constrained wp-block-group-is-layout-constrained\">\n<h3 class=\"wp-block-heading\">R\u00e8glement officiel<\/h3>\n\n\n\n<div class=\"wp-block-file\"><a id=\"wp-block-file--media-02187a6d-82de-4f19-a234-8ae4905b3e49\" href=\"https:\/\/www.brita.ca\/wp-content\/uploads\/2026\/02\/Canada-Social-Contest-Rules_BritaxPaume_QB_FR_Post.docx\" target=\"_blank\" rel=\"noreferrer noopener\">Canada Social Contest Rules_BritaxPaume_QB_FR_Post<\/a><\/div>\n<\/div><\/div>\n\n\n\n<div class=\"wp-block-group\"><div class=\"wp-block-group__inner-container is-layout-constrained wp-block-group-is-layout-constrained\">\n<h3 class=\"wp-block-heading\">Gagnants<\/h3>\n\n\n\n<ul class=\"wp-block-list\">\n<li>Rizza A., Oakville, ON &amp; Marie A., Scarborough, ON<\/li>\n<\/ul>\n<\/div><\/div>\n\n\n\n<hr class=\"wp-block-separator has-alpha-channel-opacity\"\/>\n\n\n\n<h2 class=\"wp-block-heading\"><strong><strong>Concours \u00ab&nbsp;Lib<strong>\u00e9<\/strong>rez votre potentiel de r<strong>\u00e9<\/strong>ception pour les f<strong>\u00ea<\/strong>tes \u00bb<\/strong><\/strong> <strong>R\u00e8glement officiel<\/strong><\/h2>\n\n\n\n<p id=\"tw-target-text\">Participez pour avoir une chance de gagner !<\/p>\n\n\n\n<div class=\"wp-block-group\"><div class=\"wp-block-group__inner-container is-layout-constrained wp-block-group-is-layout-constrained\">\n<h3 class=\"wp-block-heading\">R\u00e8glement officiel<\/h3>\n\n\n\n<div class=\"wp-block-file\"><a id=\"wp-block-file--media-c62ea4d2-4f1c-4dcb-8683-fc2708eb7c77\" href=\"https:\/\/www.brita.ca\/wp-content\/uploads\/2025\/12\/Brita-x-Cuisinart-Rules_Final_FRE-12.11.25-Post.docx\" target=\"_blank\" rel=\"noreferrer noopener\">Brita x Cuisinart Rules_Final_FRE-12.11.25 &#8211; Post<\/a><\/div>\n<\/div><\/div>\n\n\n\n<div class=\"wp-block-group\"><div class=\"wp-block-group__inner-container is-layout-constrained wp-block-group-is-layout-constrained\">\n<h3 class=\"wp-block-heading\">Gagnants<\/h3>\n\n\n\n<ul class=\"wp-block-list\">\n<li>Kaylee C., St-Bruno, QC<\/li>\n<\/ul>\n<\/div><\/div>\n\n\n\n<hr class=\"wp-block-separator has-alpha-channel-opacity\"\/>\n\n\n\n<h2 class=\"wp-block-heading\"><strong>Concours \u00ab&nbsp;Une gorg\u00e9e pour la d\u00e9tente et l\u2019apaisement \u00bb (The Cozy Sip &amp; Soothe) R\u00e8glement officiel<\/strong><\/h2>\n\n\n\n<p id=\"tw-target-text\">Participez pour avoir une chance de gagner !<\/p>\n\n\n\n<div class=\"wp-block-group\"><div class=\"wp-block-group__inner-container is-layout-constrained wp-block-group-is-layout-constrained\">\n<h3 class=\"wp-block-heading\">R\u00e8glement officiel<\/h3>\n\n\n\n<div class=\"wp-block-file\"><a id=\"wp-block-file--media-7eb8c32c-4335-4223-b9c6-776869c04409\" href=\"https:\/\/www.brita.ca\/fr\/reglement-du-concours-et-gagnants\/canada-social-contest-rules_britaxlakeandtea_final_fr-post-2\/\" target=\"_blank\" rel=\"noreferrer noopener\">Canada Social Contest Rules_BritaxLakeandTea_FINAL_FR-post<\/a><\/div>\n<\/div><\/div>\n\n\n\n<div class=\"wp-block-group\"><div class=\"wp-block-group__inner-container is-layout-constrained wp-block-group-is-layout-constrained\">\n<h3 class=\"wp-block-heading\">Gagnants<\/h3>\n\n\n\n<ul class=\"wp-block-list\">\n<li>Tamara E., Inverary, ON<\/li>\n<\/ul>\n<\/div><\/div>\n<\/div><\/div>\n\n\n\n<hr class=\"wp-block-separator has-alpha-channel-opacity\"\/>\n\n\n\n<div class=\"wp-block-group\"><div class=\"wp-block-group__inner-container is-layout-constrained wp-block-group-is-layout-constrained\">\n<h2 class=\"wp-block-heading\"><strong>Concours \u00ab&nbsp;Brita Drop&nbsp;\u00bb de Brita Canada<\/strong><\/h2>\n\n\n\n<p id=\"tw-target-text\">Participez pour avoir une chance de gagner !<\/p>\n\n\n\n<div class=\"wp-block-group\"><div class=\"wp-block-group__inner-container is-layout-constrained wp-block-group-is-layout-constrained\">\n<h3 class=\"wp-block-heading\">R\u00e8glement officiel<\/h3>\n\n\n\n<div data-wp-interactive=\"core\/file\" class=\"wp-block-file\"><object data-wp-bind--hidden=\"!state.hasPdfPreview\" hidden class=\"wp-block-file__embed\" data=\"https:\/\/www.brita.ca\/wp-content\/uploads\/2025\/11\/Brita-Canada-Drop-261046-FINAL-Rules_FR.pdf\" type=\"application\/pdf\" style=\"width:100%;height:300px\" aria-label=\"Embed of Brita Canada Drop (261046) FINAL Rules_FR.\"><\/object><a id=\"wp-block-file--media-31a787e8-f272-4fd0-a36c-8d945225cbbf\" href=\"https:\/\/www.brita.ca\/wp-content\/uploads\/2025\/11\/Brita-Canada-Drop-261046-FINAL-Rules_FR.pdf\">Brita Canada Drop (261046) FINAL Rules_FR<\/a><\/div>\n<\/div><\/div>\n\n\n\n<div class=\"wp-block-group\"><div class=\"wp-block-group__inner-container is-layout-constrained wp-block-group-is-layout-constrained\">\n<h3 class=\"wp-block-heading\">Gagnants<\/h3>\n\n\n\n<ul class=\"wp-block-list\">\n<li>Jay J., Calgary, AB<\/li>\n<\/ul>\n<\/div><\/div>\n<\/div><\/div>\n\n\n\n<hr class=\"wp-block-separator has-alpha-channel-opacity\"\/>\n\n\n\n<div class=\"wp-block-group\"><div class=\"wp-block-group__inner-container is-layout-constrained wp-block-group-is-layout-constrained\">\n<h2 class=\"wp-block-heading\"><strong>Concours \u00ab&nbsp;Havre d\u2019hydratation&nbsp;\u00bb de Brita et Burt&#8217;s Bees<\/strong><\/h2>\n\n\n\n<p>Nous offrons l\u2019ensemble parfait pour que vous et une personne ch\u00e8re puissiez bien vous sentir et avoir fi\u00e8re allure tout au long de l\u2019automne et de l\u2019hiver!<\/p>\n\n\n\n<div class=\"wp-block-group\"><div class=\"wp-block-group__inner-container is-layout-constrained wp-block-group-is-layout-constrained\">\n<h3 class=\"wp-block-heading\">R\u00e8glement officiel<\/h3>\n\n\n\n<div data-wp-interactive=\"core\/file\" class=\"wp-block-file\"><object data-wp-bind--hidden=\"!state.hasPdfPreview\" hidden class=\"wp-block-file__embed\" data=\"https:\/\/www.brita.ca\/wp-content\/uploads\/2024\/11\/Canada-Social-Content-Rules-BB-x-Brita_FINAL-with-abbreviated-rules_11.11.24_FR.pdf\" type=\"application\/pdf\" style=\"width:100%;height:300px\" aria-label=\"Embed of Canada Social Content Rules - BB x Brita_11.11.24_FR.\"><\/object><a id=\"wp-block-file--media-b17b94f5-a602-4bc6-a192-c2880351f1b4\" href=\"https:\/\/www.brita.ca\/wp-content\/uploads\/2024\/11\/Canada-Social-Content-Rules-BB-x-Brita_FINAL-with-abbreviated-rules_11.11.24_FR.pdf\">Canada Social Content Rules &#8211; BB x Brita_11.11.24_FR<\/a><\/div>\n<\/div><\/div>\n\n\n\n<div class=\"wp-block-group\"><div class=\"wp-block-group__inner-container is-layout-constrained wp-block-group-is-layout-constrained\">\n<h3 class=\"wp-block-heading\">Gagnants<\/h3>\n\n\n\n<ul class=\"wp-block-list\">\n<li>Dina D., Toronto ON <\/li>\n<\/ul>\n<\/div><\/div>\n<\/div><\/div>\n\n\n\n<hr class=\"wp-block-separator has-alpha-channel-opacity\"\/>\n\n\n\n<div class=\"wp-block-group\"><div class=\"wp-block-group__inner-container is-layout-constrained wp-block-group-is-layout-constrained\">\n<h2 class=\"wp-block-heading\">Concours de rappels 2024-2025<\/h2>\n\n\n\n<p>Participez au tirage mensuel MyBrita pour avoir une chance de gagner un pichet de 10 tasses et un approvisionnement d&#8217;un an en filtres<\/p>\n\n\n\n<div class=\"wp-block-group\"><div class=\"wp-block-group__inner-container is-layout-constrained wp-block-group-is-layout-constrained\">\n<h3 class=\"wp-block-heading\"><strong>R\u00e8glement officiel<\/strong><\/h3>\n\n\n\n<div data-wp-interactive=\"core\/file\" class=\"wp-block-file\"><object data-wp-bind--hidden=\"!state.hasPdfPreview\" hidden class=\"wp-block-file__embed\" data=\"https:\/\/www.brita.ca\/wp-content\/uploads\/2024\/03\/259284_Brita_Canada_Loyalty_FINAL_Rules_2_FR_13_March_2024.pdf\" type=\"application\/pdf\" style=\"width:100%;height:300px\" aria-label=\"Embed of 259284_Brita_Canada_Loyalty_FINAL_Rules_2_FR_13_March_2024.\"><\/object><a id=\"wp-block-file--media-731d79b7-d6cf-4d73-a6a1-648159195253\" href=\"https:\/\/www.brita.ca\/wp-content\/uploads\/2024\/03\/259284_Brita_Canada_Loyalty_FINAL_Rules_2_FR_13_March_2024.pdf\">259284_Brita_Canada_Loyalty_FINAL_Rules_2_FR_13_March_2024<\/a><\/div>\n<\/div><\/div>\n\n\n\n<div class=\"wp-block-group\"><div class=\"wp-block-group__inner-container is-layout-constrained wp-block-group-is-layout-constrained\">\n<h3 class=\"wp-block-heading\">Gagnants<\/h3>\n\n\n\n<ul class=\"wp-block-list\">\n<li>Charnele A., Brampton ON<\/li>\n\n\n\n<li>Stan N., Toronto ON<\/li>\n\n\n\n<li>Ann S., Welland ON<\/li>\n\n\n\n<li>Kimberly A., Port Hope ON<\/li>\n<\/ul>\n<\/div><\/div>\n<\/div><\/div>\n\n\n\n<hr class=\"wp-block-separator has-alpha-channel-opacity\"\/>\n\n\n\n<div class=\"wp-block-group\"><div class=\"wp-block-group__inner-container is-layout-constrained wp-block-group-is-layout-constrained\">\n<h2 class=\"wp-block-heading\">Concours Osheaga 2024<\/h2>\n\n\n\n<p>Voyage VIP pour 2 au Festival de musique et d&#8217;arts OSHEAGA \u00e0 Montr\u00e9al !<\/p>\n\n\n\n<div class=\"wp-block-group\"><div class=\"wp-block-group__inner-container is-layout-constrained wp-block-group-is-layout-constrained\">\n<h3 class=\"wp-block-heading\"><strong>R\u00e8glement officiel<\/strong><\/h3>\n\n\n\n<div data-wp-interactive=\"core\/file\" class=\"wp-block-file\"><object data-wp-bind--hidden=\"!state.hasPdfPreview\" hidden class=\"wp-block-file__embed\" data=\"https:\/\/www.brita.ca\/wp-content\/uploads\/2024\/05\/259635-Brita-Canada-Music-Festival-FINAL-Rules_FR.pdf\" type=\"application\/pdf\" style=\"width:100%;height:300px\" aria-label=\"Embed of 259635 Brita Canada Music Festival FINAL Rules_FR.\"><\/object><a id=\"wp-block-file--media-f1f6890a-7a9e-4c23-bbe3-fe1cea5e2b10\" href=\"https:\/\/www.brita.ca\/wp-content\/uploads\/2024\/05\/259635-Brita-Canada-Music-Festival-FINAL-Rules_FR.pdf\">259635 Brita Canada Music Festival FINAL Rules_FR<\/a><\/div>\n<\/div><\/div>\n\n\n\n<div class=\"wp-block-group\"><div class=\"wp-block-group__inner-container is-layout-constrained wp-block-group-is-layout-constrained\">\n<h3 class=\"wp-block-heading\">Gagnant<\/h3>\n\n\n\n<ul class=\"wp-block-list\">\n<li>Brennan K Vancouver BC<\/li>\n<\/ul>\n<\/div><\/div>\n<\/div><\/div>\n\n\n\n<p><\/p>\n","protected":false},"excerpt":{"rendered":"Concours \u00ab&nbsp;L\u2019\u00e8re de l\u2019hydration \u00bb R\u00e8glement officiel Participez pour avoir une chance de gagner ! R\u00e8glement officiel Gagnants Concours \u00ab&nbsp;Lib\u00e9rez votre potentiel de r\u00e9ception pour les f\u00eates \u00bb R\u00e8glement officiel Participez pour avoir une chance de gagner ! R\u00e8glement officiel Gagnants Concours \u00ab&nbsp;Une gorg\u00e9e pour la d\u00e9tente et l\u2019apaisement \u00bb (The Cozy Sip &amp; Soothe) [&hellip;]","protected":false},"author":4,"featured_media":0,"parent":0,"menu_order":0,"comment_status":"closed","ping_status":"closed","template":"page-block-framework.php","meta":{"_acf_changed":false,"footnotes":""},"class_list":["post-9376","page","type-page","status-publish","hentry"],"acf":{"hero":false,"my_brita_header":false},"_links":{"self":[{"href":"https:\/\/www.brita.ca\/fr\/wp-json\/wp\/v2\/pages\/9376","targetHints":{"allow":["GET"]}}],"collection":[{"href":"https:\/\/www.brita.ca\/fr\/wp-json\/wp\/v2\/pages"}],"about":[{"href":"https:\/\/www.brita.ca\/fr\/wp-json\/wp\/v2\/types\/page"}],"author":[{"embeddable":true,"href":"https:\/\/www.brita.ca\/fr\/wp-json\/wp\/v2\/users\/4"}],"replies":[{"embeddable":true,"href":"https:\/\/www.brita.ca\/fr\/wp-json\/wp\/v2\/comments?post=9376"}],"version-history":[{"count":12,"href":"https:\/\/www.brita.ca\/fr\/wp-json\/wp\/v2\/pages\/9376\/revisions"}],"predecessor-version":[{"id":9566,"href":"https:\/\/www.brita.ca\/fr\/wp-json\/wp\/v2\/pages\/9376\/revisions\/9566"}],"wp:attachment":[{"href":"https:\/\/www.brita.ca\/fr\/wp-json\/wp\/v2\/media?parent=9376"}],"curies":[{"name":"wp","href":"https:\/\/api.w.org\/{rel}","templated":true}]}}