{"id":6962,"date":"2018-02-05T00:00:16","date_gmt":"2018-02-05T08:00:16","guid":{"rendered":"https:\/\/www.brita.ca\/home-page-2-2\/"},"modified":"2024-03-07T11:30:57","modified_gmt":"2024-03-07T19:30:57","slug":"home-page-2-2","status":"publish","type":"page","link":"https:\/\/www.brita.ca\/fr\/","title":{"rendered":"Maison"},"content":{"rendered":"","protected":false},"excerpt":{"rendered":"","protected":false},"author":4,"featured_media":0,"parent":0,"menu_order":0,"comment_status":"closed","ping_status":"closed","template":"page-home.php","meta":{"_acf_changed":false,"footnotes":""},"class_list":["post-6962","page","type-page","status-publish","hentry"],"acf":{"my_brita_header":false,"panel":[{"template":"panel-simple","custom_template":"","alignment":"right","class":"great-water","text_color":"black","image_headline":false,"headline":"EXCELLENTE EAU, EXCELLENTE MISSION","subheadline":"","body":"Laissez-vous inspirer par les styles et les couleurs en vogue de notre gamme de syst\u00e8mes de filtration en bouteille Brita\u00ae pour contribuer \u00e0 \u00e9liminer les d\u00e9chets de plastique \u00e0 usage unique.","button":[{"text":"FAITES VOTRE CHOIX","url":"\/fr\/water-bottles\/","style":"btn-brita blue","external":false}],"disclaimer":"","image_top":false,"image_bottom":false,"image_aside":"https:\/\/www.brita.ca\/wp-content\/uploads\/2021\/06\/Brita_Homepage_Bottles.png","background":false}],"hero":[{"class":"my-brita","preheader":"","title":"FILTRE FRAIS<\/br>=<\/br>EAU PLUS FRA\u00ceCHE","text":"<p>Configurer des rappels de filtre<\/p>\n","button":[{"text":"S'inscrire maintenant","url":"\/my-brita\/","external":false,"logged_out":true,"color":"white-2"}],"image_top":false,"image_bottom":false,"background":[{"color":"","image":"https:\/\/www.brita.ca\/wp-content\/uploads\/2022\/10\/CLOBRI-P-101941_BRT_Ripple_1_13-01-22-1833-1.jpg"}]}]},"_links":{"self":[{"href":"https:\/\/www.brita.ca\/fr\/wp-json\/wp\/v2\/pages\/6962","targetHints":{"allow":["GET"]}}],"collection":[{"href":"https:\/\/www.brita.ca\/fr\/wp-json\/wp\/v2\/pages"}],"about":[{"href":"https:\/\/www.brita.ca\/fr\/wp-json\/wp\/v2\/types\/page"}],"author":[{"embeddable":true,"href":"https:\/\/www.brita.ca\/fr\/wp-json\/wp\/v2\/users\/4"}],"replies":[{"embeddable":true,"href":"https:\/\/www.brita.ca\/fr\/wp-json\/wp\/v2\/comments?post=6962"}],"version-history":[{"count":6,"href":"https:\/\/www.brita.ca\/fr\/wp-json\/wp\/v2\/pages\/6962\/revisions"}],"predecessor-version":[{"id":8945,"href":"https:\/\/www.brita.ca\/fr\/wp-json\/wp\/v2\/pages\/6962\/revisions\/8945"}],"wp:attachment":[{"href":"https:\/\/www.brita.ca\/fr\/wp-json\/wp\/v2\/media?parent=6962"}],"curies":[{"name":"wp","href":"https:\/\/api.w.org\/{rel}","templated":true}]}}